
{"id":87,"date":"2018-11-19T10:14:11","date_gmt":"2018-11-19T04:44:11","guid":{"rendered":"http:\/\/splashinnresorts.com\/?page_id=87"},"modified":"2022-02-18T13:48:49","modified_gmt":"2022-02-18T19:48:49","slug":"diving","status":"publish","type":"page","link":"https:\/\/splashinnresorts.com\/fr\/diving\/","title":{"rendered":"Diving"},"content":{"rendered":"<p><\/p>\n<h2>Roatan diving<\/h2>\n<div class=\"s-text\">Roatan, Honduras: Pourquoi cette \u00eele est-elle si sp\u00e9ciale pour la plong\u00e9e? <\/div>\n<p>Au large des c\u00f4tes du Honduras se trouvent les Bay Islands, qui sont form\u00e9es de 8 \u00eeles et de 53 \u00eel\u00f4ts. Des 3 principales \u00eeles, Roatan est la plus grande et la plus populaires aupr\u00e8s des vacanciers. Avec seulement 9 miles sur sa partie la plus large, l&rsquo;\u00eele est un \u00e9quilibre parfait entre la tranquilit\u00e9 des cara\u00efbes et l&rsquo;accessibilit\u00e9 \u00e0 une vie anim\u00e9e. Elle est un port important pour les bateaux de croisi\u00e8re, un centre pour l&rsquo;\u00e9cotourisme, la p\u00eache et surtout la plong\u00e9e. La plong\u00e9e \u00e0 Roatan attire un tourisme international qui supporte une bonne partie de l&rsquo;\u00e9conomie de l&rsquo;\u00eele.<\/p>\n<p>Le r\u00e9cif M\u00e9soam\u00e9ricain, qui est la deuxi\u00e8me plus grande barri\u00e8re de corail au monde, entoure Roatan et les Bay Islands. Le r\u00e9cif s&rsquo;\u00e9tend sur pr\u00e8s de 900 kilom\u00e8tres au travers des Cara\u00efbes et est l&rsquo;h\u00f4te de centaines d&rsquo;esp\u00e8ces de poissons exotiques, de requins et de tortues. Roatan est situ\u00e9 sur l&rsquo;extr\u00e9mit\u00e9 sud de la barri\u00e8re, mais sa proximit\u00e9 avec le r\u00e9cif en fait une destination de plong\u00e9e unique.<\/p>","protected":false},"excerpt":{"rendered":"<p>Roatan diving Roatan, Honduras: Pourquoi cette \u00eele est-elle si sp\u00e9ciale pour la plong\u00e9e? Au large des c\u00f4tes du Honduras se trouvent les Bay Islands, qui sont form\u00e9es de 8 \u00eeles et de 53 \u00eel\u00f4ts. Des 3 principales \u00eeles, Roatan est la plus grande et la plus populaires aupr\u00e8s des vacanciers. Avec seulement 9 miles sur &hellip; <\/p>\n<p class=\"link-more\"><a href=\"https:\/\/splashinnresorts.com\/fr\/diving\/\" class=\"more-link\">Continue reading<span class=\"screen-reader-text\"> \u00ab\u00a0Diving\u00a0\u00bb<\/span><\/a><\/p>\n","protected":false},"author":2,"featured_media":0,"parent":0,"menu_order":0,"comment_status":"closed","ping_status":"closed","template":"page-diving.php","meta":{"_joinchat":[],"footnotes":""},"class_list":["post-87","page","type-page","status-publish","hentry"],"yoast_head":"<!-- This site is optimized with the Yoast SEO plugin v26.6 - https:\/\/yoast.com\/wordpress\/plugins\/seo\/ -->\n<title>Diving \u00b7 Packages and Roatan Dive Sites Map - Splash Inn<\/title>\n<meta name=\"robots\" content=\"index, follow, max-snippet:-1, max-image-preview:large, max-video-preview:-1\" \/>\n<link rel=\"canonical\" href=\"https:\/\/splashinnresorts.com\/diving\/\" \/>\n<meta property=\"og:locale\" content=\"fr_FR\" \/>\n<meta property=\"og:type\" content=\"article\" \/>\n<meta property=\"og:title\" content=\"Diving \u00b7 Packages and Roatan Dive Sites Map - Splash Inn\" \/>\n<meta property=\"og:description\" content=\"Roatan diving Roatan, Honduras: Pourquoi cette \u00eele est-elle si sp\u00e9ciale pour la plong\u00e9e? Au large des c\u00f4tes du Honduras se trouvent les Bay Islands, qui sont form\u00e9es de 8 \u00eeles et de 53 \u00eel\u00f4ts. Des 3 principales \u00eeles, Roatan est la plus grande et la plus populaires aupr\u00e8s des vacanciers. Avec seulement 9 miles sur &hellip; Continue reading &quot;Diving&quot;\" \/>\n<meta property=\"og:url\" content=\"https:\/\/splashinnresorts.com\/diving\/\" \/>\n<meta property=\"og:site_name\" content=\"Splash Inn\" \/>\n<meta property=\"article:modified_time\" content=\"2022-02-18T19:48:49+00:00\" \/>\n<meta name=\"twitter:card\" content=\"summary_large_image\" \/>\n<meta name=\"twitter:label1\" content=\"Dur\u00e9e de lecture estim\u00e9e\" \/>\n\t<meta name=\"twitter:data1\" content=\"3 minutes\" \/>\n<script type=\"application\/ld+json\" class=\"yoast-schema-graph\">{\"@context\":\"https:\/\/schema.org\",\"@graph\":[{\"@type\":\"WebPage\",\"@id\":\"https:\/\/splashinnresorts.com\/diving\/\",\"url\":\"https:\/\/splashinnresorts.com\/diving\/\",\"name\":\"Diving \u00b7 Packages and Roatan Dive Sites Map - Splash Inn\",\"isPartOf\":{\"@id\":\"https:\/\/splashinnresorts.com\/#website\"},\"datePublished\":\"2018-11-19T04:44:11+00:00\",\"dateModified\":\"2022-02-18T19:48:49+00:00\",\"breadcrumb\":{\"@id\":\"https:\/\/splashinnresorts.com\/diving\/#breadcrumb\"},\"inLanguage\":\"fr-FR\",\"potentialAction\":[{\"@type\":\"ReadAction\",\"target\":[\"https:\/\/splashinnresorts.com\/diving\/\"]}]},{\"@type\":\"BreadcrumbList\",\"@id\":\"https:\/\/splashinnresorts.com\/diving\/#breadcrumb\",\"itemListElement\":[{\"@type\":\"ListItem\",\"position\":1,\"name\":\"Home\",\"item\":\"https:\/\/splashinnresorts.com\/\"},{\"@type\":\"ListItem\",\"position\":2,\"name\":\"Diving\"}]},{\"@type\":\"WebSite\",\"@id\":\"https:\/\/splashinnresorts.com\/#website\",\"url\":\"https:\/\/splashinnresorts.com\/\",\"name\":\"Splash Inn\",\"description\":\"Home\",\"potentialAction\":[{\"@type\":\"SearchAction\",\"target\":{\"@type\":\"EntryPoint\",\"urlTemplate\":\"https:\/\/splashinnresorts.com\/?s={search_term_string}\"},\"query-input\":{\"@type\":\"PropertyValueSpecification\",\"valueRequired\":true,\"valueName\":\"search_term_string\"}}],\"inLanguage\":\"fr-FR\"}]}<\/script>\n<!-- \/ Yoast SEO plugin. -->","yoast_head_json":{"title":"Diving \u00b7 Packages and Roatan Dive Sites Map - Splash Inn","robots":{"index":"index","follow":"follow","max-snippet":"max-snippet:-1","max-image-preview":"max-image-preview:large","max-video-preview":"max-video-preview:-1"},"canonical":"https:\/\/splashinnresorts.com\/diving\/","og_locale":"fr_FR","og_type":"article","og_title":"Diving \u00b7 Packages and Roatan Dive Sites Map - Splash Inn","og_description":"Roatan diving Roatan, Honduras: Pourquoi cette \u00eele est-elle si sp\u00e9ciale pour la plong\u00e9e? Au large des c\u00f4tes du Honduras se trouvent les Bay Islands, qui sont form\u00e9es de 8 \u00eeles et de 53 \u00eel\u00f4ts. Des 3 principales \u00eeles, Roatan est la plus grande et la plus populaires aupr\u00e8s des vacanciers. Avec seulement 9 miles sur &hellip; Continue reading \"Diving\"","og_url":"https:\/\/splashinnresorts.com\/diving\/","og_site_name":"Splash Inn","article_modified_time":"2022-02-18T19:48:49+00:00","twitter_card":"summary_large_image","twitter_misc":{"Dur\u00e9e de lecture estim\u00e9e":"3 minutes"},"schema":{"@context":"https:\/\/schema.org","@graph":[{"@type":"WebPage","@id":"https:\/\/splashinnresorts.com\/diving\/","url":"https:\/\/splashinnresorts.com\/diving\/","name":"Diving \u00b7 Packages and Roatan Dive Sites Map - Splash Inn","isPartOf":{"@id":"https:\/\/splashinnresorts.com\/#website"},"datePublished":"2018-11-19T04:44:11+00:00","dateModified":"2022-02-18T19:48:49+00:00","breadcrumb":{"@id":"https:\/\/splashinnresorts.com\/diving\/#breadcrumb"},"inLanguage":"fr-FR","potentialAction":[{"@type":"ReadAction","target":["https:\/\/splashinnresorts.com\/diving\/"]}]},{"@type":"BreadcrumbList","@id":"https:\/\/splashinnresorts.com\/diving\/#breadcrumb","itemListElement":[{"@type":"ListItem","position":1,"name":"Home","item":"https:\/\/splashinnresorts.com\/"},{"@type":"ListItem","position":2,"name":"Diving"}]},{"@type":"WebSite","@id":"https:\/\/splashinnresorts.com\/#website","url":"https:\/\/splashinnresorts.com\/","name":"Splash Inn","description":"Home","potentialAction":[{"@type":"SearchAction","target":{"@type":"EntryPoint","urlTemplate":"https:\/\/splashinnresorts.com\/?s={search_term_string}"},"query-input":{"@type":"PropertyValueSpecification","valueRequired":true,"valueName":"search_term_string"}}],"inLanguage":"fr-FR"}]}},"_links":{"self":[{"href":"https:\/\/splashinnresorts.com\/fr\/wp-json\/wp\/v2\/pages\/87","targetHints":{"allow":["GET"]}}],"collection":[{"href":"https:\/\/splashinnresorts.com\/fr\/wp-json\/wp\/v2\/pages"}],"about":[{"href":"https:\/\/splashinnresorts.com\/fr\/wp-json\/wp\/v2\/types\/page"}],"author":[{"embeddable":true,"href":"https:\/\/splashinnresorts.com\/fr\/wp-json\/wp\/v2\/users\/2"}],"replies":[{"embeddable":true,"href":"https:\/\/splashinnresorts.com\/fr\/wp-json\/wp\/v2\/comments?post=87"}],"version-history":[{"count":45,"href":"https:\/\/splashinnresorts.com\/fr\/wp-json\/wp\/v2\/pages\/87\/revisions"}],"predecessor-version":[{"id":521,"href":"https:\/\/splashinnresorts.com\/fr\/wp-json\/wp\/v2\/pages\/87\/revisions\/521"}],"wp:attachment":[{"href":"https:\/\/splashinnresorts.com\/fr\/wp-json\/wp\/v2\/media?parent=87"}],"curies":[{"name":"wp","href":"https:\/\/api.w.org\/{rel}","templated":true}]}}