
{"id":87,"date":"2018-11-19T10:14:11","date_gmt":"2018-11-19T04:44:11","guid":{"rendered":"http:\/\/splashinnresorts.com\/?page_id=87"},"modified":"2022-02-18T13:48:49","modified_gmt":"2022-02-18T19:48:49","slug":"diving","status":"publish","type":"page","link":"https:\/\/splashinnresorts.com\/es\/diving\/","title":{"rendered":"Diving"},"content":{"rendered":"<p><\/p>\n<h2>Roatan diving<\/h2>\n<div class=\"s-text\">Roatan, Honduras: Lo que lo hace tan especial para el buceo<\/div>\n<p>Las Islas de la Bah\u00eda se encuentran cerca de la costa de Honduras, compuestas por 8 islas y 53 cayos. De las 3 islas principales, Roat\u00e1n es el destino vacacional m\u00e1s grande y m\u00e1s popular. Con solo 9 millas de ancho en su punto m\u00e1s ancho esta maravillosa isla equilibra la tranquilidad del Caribe con la seguridad y experiencia para ofrecer buenas vacaciones. Es un centro importante para cruceros, ecoturismo, pesca, pero lo m\u00e1s importante en la isla es el buceo. Bucear en Roat\u00e1n atrae turismo internacional y es el principal apoyo para la econom\u00eda de la isla.<\/p>\n<p>El arrecife mesoamericano es la segunda barrera de arrecifes m\u00e1s grande del mundo. El arrecife, que alberga cientos de especies de peces ex\u00f3ticos, tiburones y tortugas, se extiende a lo largo de casi 900 kil\u00f3metros a trav\u00e9s del Caribe. Roat\u00e1n se encuentra en el extremo sur del arrecife, pero la proximidad de la isla lo convierte en un destino de buceo \u00fanico.<\/p>","protected":false},"excerpt":{"rendered":"<p>Roatan diving Roatan, Honduras: Lo que lo hace tan especial para el buceo Las Islas de la Bah\u00eda se encuentran cerca de la costa de Honduras, compuestas por 8 islas y 53 cayos. De las 3 islas principales, Roat\u00e1n es el destino vacacional m\u00e1s grande y m\u00e1s popular. Con solo 9 millas de ancho en &hellip; <\/p>\n<p class=\"link-more\"><a href=\"https:\/\/splashinnresorts.com\/es\/diving\/\" class=\"more-link\">Continue reading<span class=\"screen-reader-text\"> \u00abDiving\u00bb<\/span><\/a><\/p>\n","protected":false},"author":2,"featured_media":0,"parent":0,"menu_order":0,"comment_status":"closed","ping_status":"closed","template":"page-diving.php","meta":{"_joinchat":[],"footnotes":""},"class_list":["post-87","page","type-page","status-publish","hentry"],"yoast_head":"<!-- This site is optimized with the Yoast SEO plugin v26.6 - https:\/\/yoast.com\/wordpress\/plugins\/seo\/ -->\n<title>Diving \u00b7 Packages and Roatan Dive Sites Map - Splash Inn Resorts \u00b7 Hotel and Diving in Roatan<\/title>\n<meta name=\"robots\" content=\"index, follow, max-snippet:-1, max-image-preview:large, max-video-preview:-1\" \/>\n<link rel=\"canonical\" href=\"https:\/\/splashinnresorts.com\/diving\/\" \/>\n<meta property=\"og:locale\" content=\"es_ES\" \/>\n<meta property=\"og:type\" content=\"article\" \/>\n<meta property=\"og:title\" content=\"Diving \u00b7 Packages and Roatan Dive Sites Map - Splash Inn Resorts \u00b7 Hotel and Diving in Roatan\" \/>\n<meta property=\"og:description\" content=\"Roatan diving Roatan, Honduras: Lo que lo hace tan especial para el buceo Las Islas de la Bah\u00eda se encuentran cerca de la costa de Honduras, compuestas por 8 islas y 53 cayos. De las 3 islas principales, Roat\u00e1n es el destino vacacional m\u00e1s grande y m\u00e1s popular. Con solo 9 millas de ancho en &hellip; Continue reading &quot;Diving&quot;\" \/>\n<meta property=\"og:url\" content=\"https:\/\/splashinnresorts.com\/diving\/\" \/>\n<meta property=\"og:site_name\" content=\"Splash Inn Resorts \u00b7 Hotel and Diving in Roatan\" \/>\n<meta property=\"article:modified_time\" content=\"2022-02-18T19:48:49+00:00\" \/>\n<meta name=\"twitter:card\" content=\"summary_large_image\" \/>\n<meta name=\"twitter:label1\" content=\"Tiempo de lectura\" \/>\n\t<meta name=\"twitter:data1\" content=\"3 minutos\" \/>\n<script type=\"application\/ld+json\" class=\"yoast-schema-graph\">{\"@context\":\"https:\/\/schema.org\",\"@graph\":[{\"@type\":\"WebPage\",\"@id\":\"https:\/\/splashinnresorts.com\/diving\/\",\"url\":\"https:\/\/splashinnresorts.com\/diving\/\",\"name\":\"Diving \u00b7 Packages and Roatan Dive Sites Map - Splash Inn Resorts \u00b7 Hotel and Diving in Roatan\",\"isPartOf\":{\"@id\":\"https:\/\/splashinnresorts.com\/#website\"},\"datePublished\":\"2018-11-19T04:44:11+00:00\",\"dateModified\":\"2022-02-18T19:48:49+00:00\",\"breadcrumb\":{\"@id\":\"https:\/\/splashinnresorts.com\/diving\/#breadcrumb\"},\"inLanguage\":\"es\",\"potentialAction\":[{\"@type\":\"ReadAction\",\"target\":[\"https:\/\/splashinnresorts.com\/diving\/\"]}]},{\"@type\":\"BreadcrumbList\",\"@id\":\"https:\/\/splashinnresorts.com\/diving\/#breadcrumb\",\"itemListElement\":[{\"@type\":\"ListItem\",\"position\":1,\"name\":\"Home\",\"item\":\"https:\/\/splashinnresorts.com\/\"},{\"@type\":\"ListItem\",\"position\":2,\"name\":\"Diving\"}]},{\"@type\":\"WebSite\",\"@id\":\"https:\/\/splashinnresorts.com\/#website\",\"url\":\"https:\/\/splashinnresorts.com\/\",\"name\":\"Splash Inn Resorts \u00b7 Hotel and Diving in Roatan\",\"description\":\"Accommodation solutions in West End and West Bay, Roatan, Bay Islands\",\"potentialAction\":[{\"@type\":\"SearchAction\",\"target\":{\"@type\":\"EntryPoint\",\"urlTemplate\":\"https:\/\/splashinnresorts.com\/?s={search_term_string}\"},\"query-input\":{\"@type\":\"PropertyValueSpecification\",\"valueRequired\":true,\"valueName\":\"search_term_string\"}}],\"inLanguage\":\"es\"}]}<\/script>\n<!-- \/ Yoast SEO plugin. -->","yoast_head_json":{"title":"Diving \u00b7 Packages and Roatan Dive Sites Map - Splash Inn Resorts \u00b7 Hotel and Diving in Roatan","robots":{"index":"index","follow":"follow","max-snippet":"max-snippet:-1","max-image-preview":"max-image-preview:large","max-video-preview":"max-video-preview:-1"},"canonical":"https:\/\/splashinnresorts.com\/diving\/","og_locale":"es_ES","og_type":"article","og_title":"Diving \u00b7 Packages and Roatan Dive Sites Map - Splash Inn Resorts \u00b7 Hotel and Diving in Roatan","og_description":"Roatan diving Roatan, Honduras: Lo que lo hace tan especial para el buceo Las Islas de la Bah\u00eda se encuentran cerca de la costa de Honduras, compuestas por 8 islas y 53 cayos. De las 3 islas principales, Roat\u00e1n es el destino vacacional m\u00e1s grande y m\u00e1s popular. Con solo 9 millas de ancho en &hellip; Continue reading \"Diving\"","og_url":"https:\/\/splashinnresorts.com\/diving\/","og_site_name":"Splash Inn Resorts \u00b7 Hotel and Diving in Roatan","article_modified_time":"2022-02-18T19:48:49+00:00","twitter_card":"summary_large_image","twitter_misc":{"Tiempo de lectura":"3 minutos"},"schema":{"@context":"https:\/\/schema.org","@graph":[{"@type":"WebPage","@id":"https:\/\/splashinnresorts.com\/diving\/","url":"https:\/\/splashinnresorts.com\/diving\/","name":"Diving \u00b7 Packages and Roatan Dive Sites Map - Splash Inn Resorts \u00b7 Hotel and Diving in Roatan","isPartOf":{"@id":"https:\/\/splashinnresorts.com\/#website"},"datePublished":"2018-11-19T04:44:11+00:00","dateModified":"2022-02-18T19:48:49+00:00","breadcrumb":{"@id":"https:\/\/splashinnresorts.com\/diving\/#breadcrumb"},"inLanguage":"es","potentialAction":[{"@type":"ReadAction","target":["https:\/\/splashinnresorts.com\/diving\/"]}]},{"@type":"BreadcrumbList","@id":"https:\/\/splashinnresorts.com\/diving\/#breadcrumb","itemListElement":[{"@type":"ListItem","position":1,"name":"Home","item":"https:\/\/splashinnresorts.com\/"},{"@type":"ListItem","position":2,"name":"Diving"}]},{"@type":"WebSite","@id":"https:\/\/splashinnresorts.com\/#website","url":"https:\/\/splashinnresorts.com\/","name":"Splash Inn Resorts \u00b7 Hotel and Diving in Roatan","description":"Accommodation solutions in West End and West Bay, Roatan, Bay Islands","potentialAction":[{"@type":"SearchAction","target":{"@type":"EntryPoint","urlTemplate":"https:\/\/splashinnresorts.com\/?s={search_term_string}"},"query-input":{"@type":"PropertyValueSpecification","valueRequired":true,"valueName":"search_term_string"}}],"inLanguage":"es"}]}},"_links":{"self":[{"href":"https:\/\/splashinnresorts.com\/es\/wp-json\/wp\/v2\/pages\/87","targetHints":{"allow":["GET"]}}],"collection":[{"href":"https:\/\/splashinnresorts.com\/es\/wp-json\/wp\/v2\/pages"}],"about":[{"href":"https:\/\/splashinnresorts.com\/es\/wp-json\/wp\/v2\/types\/page"}],"author":[{"embeddable":true,"href":"https:\/\/splashinnresorts.com\/es\/wp-json\/wp\/v2\/users\/2"}],"replies":[{"embeddable":true,"href":"https:\/\/splashinnresorts.com\/es\/wp-json\/wp\/v2\/comments?post=87"}],"version-history":[{"count":45,"href":"https:\/\/splashinnresorts.com\/es\/wp-json\/wp\/v2\/pages\/87\/revisions"}],"predecessor-version":[{"id":521,"href":"https:\/\/splashinnresorts.com\/es\/wp-json\/wp\/v2\/pages\/87\/revisions\/521"}],"wp:attachment":[{"href":"https:\/\/splashinnresorts.com\/es\/wp-json\/wp\/v2\/media?parent=87"}],"curies":[{"name":"wp","href":"https:\/\/api.w.org\/{rel}","templated":true}]}}